{"id":695,"date":"2024-06-27T07:21:58","date_gmt":"2024-06-27T07:21:58","guid":{"rendered":"https:\/\/www.alfatec.es\/?page_id=695"},"modified":"2025-09-17T09:22:10","modified_gmt":"2025-09-17T09:22:10","slug":"politica-de-cookies","status":"publish","type":"page","link":"https:\/\/alfatec.es\/en\/politica-de-cookies\/","title":{"rendered":"Cookies policy"},"content":{"rendered":"<p>[et_pb_section fb_built=\u00bb1&#8243; _builder_version=\u00bb4.27.4&#8243; _module_preset=\u00bbdefault\u00bb background_color=\u00bb#c8102e\u00bb hover_enabled=\u00bb0&#8243; global_colors_info=\u00bb{}\u00bb sticky_enabled=\u00bb0&#8243;][et_pb_row _builder_version=\u00bb4.25.1&#8243; _module_preset=\u00bbdefault\u00bb global_colors_info=\u00bb{}\u00bb][et_pb_column type=\u00bb4_4&#8243; _builder_version=\u00bb4.25.1&#8243; _module_preset=\u00bbdefault\u00bb global_colors_info=\u00bb{}\u00bb][et_pb_text _builder_version=\u00bb4.25.1&#8243; _module_preset=\u00bbdefault\u00bb header_font=\u00bbHelvetica Neue||||||||\u00bb header_text_color=\u00bb#FFFFFF\u00bb header_font_size=\u00bb55px\u00bb header_line_height=\u00bb60px\u00bb custom_margin=\u00bb106px||||false|false\u00bb global_colors_info=\u00bb{}\u00bb]<\/p>\n<h1>Pol\u00edtica de cookies<\/h1>\n<p>[\/et_pb_text][\/et_pb_column][\/et_pb_row][\/et_pb_section][et_pb_section fb_built=\u00bb1&#8243; _builder_version=\u00bb4.25.1&#8243; _module_preset=\u00bbdefault\u00bb global_colors_info=\u00bb{}\u00bb][et_pb_row _builder_version=\u00bb4.25.1&#8243; _module_preset=\u00bbdefault\u00bb global_colors_info=\u00bb{}\u00bb][et_pb_column type=\u00bb4_4&#8243; _builder_version=\u00bb4.25.1&#8243; _module_preset=\u00bbdefault\u00bb global_colors_info=\u00bb{}\u00bb][et_pb_text _builder_version=\u00bb4.25.1&#8243; _module_preset=\u00bbdefault\u00bb global_colors_info=\u00bb{}\u00bb]<\/p>\n<p>En esta web recopilamos y utilizamos la informaci\u00f3n seg\u00fan indicamos en nuestra pol\u00edtica de privacidad. Una de las formas en las que recopilo informaci\u00f3n es a trav\u00e9s del uso de la tecnolog\u00eda llamada \u201ccookies\u201d. En Alfatec, se utilizan cookies para varias cosas.<\/p>\n<p><span style=\"text-decoration: underline;\"><strong>\u00bfQu\u00e9 es una cookie?<\/strong><\/span><\/p>\n<p>Una \u201ccookie\u201d es una peque\u00f1a cantidad de texto que se almacena en tu navegador (como Chrome de Google o Safari de Apple) cuando navegas por la mayor\u00eda de los sitios web.<\/p>\n<p><span style=\"text-decoration: underline;\"><strong>\u00bfQu\u00e9 NO es una cookie?<\/strong><\/span><\/p>\n<p>No es un virus, ni un troyano, ni un gusano, ni spam, ni spyware, ni abre ventanas pop-up.<\/p>\n<p><span style=\"text-decoration: underline;\"><strong>\u00bfQu\u00e9 informaci\u00f3n almacena una cookie?<\/strong><\/span><\/p>\n<p>Las cookies no suelen almacenar informaci\u00f3n sensible sobre usted, como tarjetas de cr\u00e9dito o datos bancarios, fotograf\u00edas o informaci\u00f3n personal, etc. Los datos que guardan son de car\u00e1cter t\u00e9cnico, estad\u00edsticos, preferencias personales, personalizaci\u00f3n de contenidos, etc.<\/p>\n<p>El servidor web no le asocia a usted como persona sino a su navegador web. De hecho, si usted navega habitualmente con el navegador Chrome y prueba a navegar por la misma web con el navegador Firefox, ver\u00e1 que la web no se da cuenta que es usted la misma persona porque en realidad est\u00e1 asociando la informaci\u00f3n al navegador, no a la persona.<\/p>\n<p><span style=\"text-decoration: underline;\"><strong>\u00bfQu\u00e9 tipo de cookies existen?<\/strong><\/span><\/p>\n<p>Cookies t\u00e9cnicas: Son las m\u00e1s elementales y permiten, entre otras cosas, saber cu\u00e1ndo est\u00e1 navegando un humano o una aplicaci\u00f3n automatizada, cu\u00e1ndo navega un usuario an\u00f3nimo y uno registrado, tareas b\u00e1sicas para el funcionamiento de cualquier web din\u00e1mica.<\/p>\n<p>Cookies de an\u00e1lisis: Recogen informaci\u00f3n sobre el tipo de navegaci\u00f3n que est\u00e1 realizando, las secciones que m\u00e1s utiliza, productos consultados, franja horaria de uso, idioma, etc.<\/p>\n<p>Cookies publicitarias: Muestran publicidad en funci\u00f3n de su navegaci\u00f3n, su pa\u00eds de procedencia, idioma, etc.<\/p>\n<p><span style=\"text-decoration: underline;\"><strong>\u00bfQu\u00e9 son las cookies propias y las de terceros?<\/strong><\/span><\/p>\n<p>Las cookies propias son las generadas por la p\u00e1gina que est\u00e1 visitando y las de terceros son las generadas por servicios o proveedores externos como Mailchimp, Facebook, Twitter, Google adsense, etc.<\/p>\n<p><span style=\"text-decoration: underline;\"><strong>\u00bfQu\u00e9 cookies utiliza esta web?<\/strong><\/span><\/p>\n<p>Esta web utiliza cookies propias y no de terceros. En este sitio web se utilizan las siguientes cookies que se detallan a continuaci\u00f3n:<\/p>\n<p><span style=\"text-decoration: underline;\"><strong>Cookies propias:<\/strong><\/span><\/p>\n<p>Personalizaci\u00f3n: Las cookies nos ayudan a recordar con qu\u00e9 personas o sitios web has interactuado, para que pueda mostrarte contenido relacionado.<\/p>\n<p>Preferencias: Las cookies nos permiten recordar tus ajustes y preferencias, como el idioma preferido y tu configuraci\u00f3n de privacidad.<\/p>\n<p>Seguridad: Utilizamos cookies para evitarte riesgos de seguridad.<\/p>\n<p>Alfatec es usuario de la plataforma de suministro y alojamiento de blogs WordPress, propiedad de la empresa norteamericana Automattic, Inc. A tales efectos, los usos de tales cookies por los sistemas nunca est\u00e1n bajo control o gesti\u00f3n del responsable de la web, pueden cambiar su funci\u00f3n en cualquier momento, y entrar cookies nuevas. Estas cookies tampoco reportan al responsable de esta web beneficio alguno. Automattic, Inc., utiliza adem\u00e1s otras cookies con la finalidad de ayudar a identificar y rastrear a los visitantes de los sitios de WordPress, conocer el uso que hacen del sitio web de Automattic, as\u00ed como sus preferencias de acceso al mismo, tal y como se recoge en el apartado \u201cCookies\u201d de su pol\u00edtica de privacidad.<\/p>\n<p>Las cookies de redes sociales pueden almacenarse en su navegador mientras navega por https:\/\/alfatec.es por ejemplo, cuando utiliza el bot\u00f3n de compartir contenidos de https:\/\/alfatec.es\/ en alguna red social.<\/p>\n<p>A continuaci\u00f3n tienes informaci\u00f3n sobre las cookies de las redes sociales que utiliza esta web en sus propias pol\u00edticas de cookies:<br \/>Cookies de Facebook, ver m\u00e1s informaci\u00f3n en su pol\u00edtica de cookies<br \/>Cookies de Twitter, ver m\u00e1s informaci\u00f3n en su pol\u00edtica de cookies<br \/>Cookies de Instagram, ver m\u00e1s informaci\u00f3n en su pol\u00edtica de cookies<br \/>Cookies de Google+, ver m\u00e1s informaci\u00f3n en su pol\u00edtica de cookies<br \/>Cookies de Linkedin, ver m\u00e1s informaci\u00f3n en su pol\u00edtica de cookies<br \/>Cookies de Pinterest, ver m\u00e1s informaci\u00f3n en su pol\u00edtica de cookies<br \/>Cookies de Youtube, ver m\u00e1s informaci\u00f3n en su pol\u00edtica de cookies<\/p>\n<p><span style=\"text-decoration: underline;\"><strong>\u00bfSe pueden eliminar las cookies?<\/strong><\/span><\/p>\n<p>S\u00ed, y no s\u00f3lo eliminar, tambi\u00e9n bloquear, de forma general o particular para un dominio espec\u00edfico.<\/p>\n<p>Para eliminar las cookies de un sitio web debe ir a la configuraci\u00f3n de su navegador y all\u00ed podr\u00e1 buscar las asociadas al dominio en cuesti\u00f3n y proceder a su eliminaci\u00f3n.<\/p>\n<p>Configuraci\u00f3n de cookies para Google Chrome<br \/>Configuraci\u00f3n de cookies para Apple Safari<br \/>Configuraci\u00f3n de cookies para Internet Explorer<br \/>Configuraci\u00f3n de cookies para Mozilla Firefox<\/p>\n<p>Si lo deseas puedes inhabilitar el seguimiento de Google Analytics mediante este complemento para el navegador ofrecido por Google.<\/p>\n<p><span style=\"text-decoration: underline;\"><strong>M\u00e1s informaci\u00f3n sobre las cookies<\/strong><\/span><\/p>\n<p>Puedes consultar el reglamento sobre cookies publicado por la Agencia Espa\u00f1ola de Protecci\u00f3n de Datos en su \u201cGu\u00eda sobre el uso de las cookies\u201d y obtener m\u00e1s informaci\u00f3n sobre las cookies en Internet, http:\/\/www.aboutcookies.org\/<br \/>Si desea tener un mayor control sobre la instalaci\u00f3n de cookies, puede instalar programas o complementos a su navegador, conocidos como herramientas de \u201cDo Not Track\u201d, que le permitir\u00e1n escoger aquellas cookies que desea permitir.<\/p>\n<p>[\/et_pb_text][\/et_pb_column][\/et_pb_row][\/et_pb_section]<\/p>\n","protected":false},"excerpt":{"rendered":"<p>Pol\u00edtica de cookiesEn esta web recopilamos y utilizamos la informaci\u00f3n seg\u00fan indicamos en nuestra pol\u00edtica de privacidad. Una de las formas en las que recopilo informaci\u00f3n es a trav\u00e9s del uso de la tecnolog\u00eda llamada \u201ccookies\u201d. En Alfatec, se utilizan cookies para varias cosas. \u00bfQu\u00e9 es una cookie? Una \u201ccookie\u201d es una peque\u00f1a cantidad de [&hellip;]<\/p>\n","protected":false},"author":1,"featured_media":0,"parent":0,"menu_order":8,"comment_status":"closed","ping_status":"closed","template":"","meta":{"_et_pb_use_builder":"on","_et_pb_old_content":"","_et_gb_content_width":"","inline_featured_image":false,"footnotes":""},"class_list":["post-695","page","type-page","status-publish","hentry"],"yoast_head":"<!-- This site is optimized with the Yoast SEO plugin v27.4 - https:\/\/yoast.com\/product\/yoast-seo-wordpress\/ -->\n<title>Pol\u00edtica de cookies - Alfatec<\/title>\n<meta name=\"robots\" content=\"index, follow, max-snippet:-1, max-image-preview:large, max-video-preview:-1\" \/>\n<link rel=\"canonical\" href=\"https:\/\/alfatec.es\/en\/politica-de-cookies\/\" \/>\n<meta property=\"og:locale\" content=\"en_GB\" \/>\n<meta property=\"og:type\" content=\"article\" \/>\n<meta property=\"og:title\" content=\"Pol\u00edtica de cookies - Alfatec\" \/>\n<meta property=\"og:description\" content=\"Pol\u00edtica de cookiesEn esta web recopilamos y utilizamos la informaci\u00f3n seg\u00fan indicamos en nuestra pol\u00edtica de privacidad. Una de las formas en las que recopilo informaci\u00f3n es a trav\u00e9s del uso de la tecnolog\u00eda llamada \u201ccookies\u201d. En Alfatec, se utilizan cookies para varias cosas. \u00bfQu\u00e9 es una cookie? Una \u201ccookie\u201d es una peque\u00f1a cantidad de [&hellip;]\" \/>\n<meta property=\"og:url\" content=\"https:\/\/alfatec.es\/en\/politica-de-cookies\/\" \/>\n<meta property=\"og:site_name\" content=\"Alfatec\" \/>\n<meta property=\"article:modified_time\" content=\"2025-09-17T09:22:10+00:00\" \/>\n<meta name=\"twitter:card\" content=\"summary_large_image\" \/>\n<meta name=\"twitter:label1\" content=\"Estimated reading time\" \/>\n\t<meta name=\"twitter:data1\" content=\"5 minutes\" \/>\n<script type=\"application\/ld+json\" class=\"yoast-schema-graph\">{\"@context\":\"https:\\\/\\\/schema.org\",\"@graph\":[{\"@type\":\"WebPage\",\"@id\":\"https:\\\/\\\/alfatec.es\\\/politica-de-cookies\\\/\",\"url\":\"https:\\\/\\\/alfatec.es\\\/politica-de-cookies\\\/\",\"name\":\"Pol\u00edtica de cookies - Alfatec\",\"isPartOf\":{\"@id\":\"https:\\\/\\\/alfatec.es\\\/#website\"},\"datePublished\":\"2024-06-27T07:21:58+00:00\",\"dateModified\":\"2025-09-17T09:22:10+00:00\",\"breadcrumb\":{\"@id\":\"https:\\\/\\\/alfatec.es\\\/politica-de-cookies\\\/#breadcrumb\"},\"inLanguage\":\"en-GB\",\"potentialAction\":[{\"@type\":\"ReadAction\",\"target\":[\"https:\\\/\\\/alfatec.es\\\/politica-de-cookies\\\/\"]}]},{\"@type\":\"BreadcrumbList\",\"@id\":\"https:\\\/\\\/alfatec.es\\\/politica-de-cookies\\\/#breadcrumb\",\"itemListElement\":[{\"@type\":\"ListItem\",\"position\":1,\"name\":\"Portada\",\"item\":\"https:\\\/\\\/alfatec.es\\\/\"},{\"@type\":\"ListItem\",\"position\":2,\"name\":\"Pol\u00edtica de cookies\"}]},{\"@type\":\"WebSite\",\"@id\":\"https:\\\/\\\/alfatec.es\\\/#website\",\"url\":\"https:\\\/\\\/alfatec.es\\\/\",\"name\":\"Alfatec\",\"description\":\"\",\"publisher\":{\"@id\":\"https:\\\/\\\/alfatec.es\\\/#organization\"},\"potentialAction\":[{\"@type\":\"SearchAction\",\"target\":{\"@type\":\"EntryPoint\",\"urlTemplate\":\"https:\\\/\\\/alfatec.es\\\/?s={search_term_string}\"},\"query-input\":{\"@type\":\"PropertyValueSpecification\",\"valueRequired\":true,\"valueName\":\"search_term_string\"}}],\"inLanguage\":\"en-GB\"},{\"@type\":\"Organization\",\"@id\":\"https:\\\/\\\/alfatec.es\\\/#organization\",\"name\":\"Alfatec\",\"url\":\"https:\\\/\\\/alfatec.es\\\/\",\"logo\":{\"@type\":\"ImageObject\",\"inLanguage\":\"en-GB\",\"@id\":\"https:\\\/\\\/alfatec.es\\\/#\\\/schema\\\/logo\\\/image\\\/\",\"url\":\"https:\\\/\\\/alfatec.es\\\/wp-content\\\/uploads\\\/2024\\\/06\\\/logo_alfatec_negro.svg\",\"contentUrl\":\"https:\\\/\\\/alfatec.es\\\/wp-content\\\/uploads\\\/2024\\\/06\\\/logo_alfatec_negro.svg\",\"width\":185,\"height\":161,\"caption\":\"Alfatec\"},\"image\":{\"@id\":\"https:\\\/\\\/alfatec.es\\\/#\\\/schema\\\/logo\\\/image\\\/\"},\"sameAs\":[\"https:\\\/\\\/www.linkedin.com\\\/company\\\/alfatec-ingeniera-consultora\\\/\"]}]}<\/script>\n<!-- \/ Yoast SEO plugin. -->","yoast_head_json":{"title":"Pol\u00edtica de cookies - Alfatec","robots":{"index":"index","follow":"follow","max-snippet":"max-snippet:-1","max-image-preview":"max-image-preview:large","max-video-preview":"max-video-preview:-1"},"canonical":"https:\/\/alfatec.es\/en\/politica-de-cookies\/","og_locale":"en_GB","og_type":"article","og_title":"Pol\u00edtica de cookies - Alfatec","og_description":"Pol\u00edtica de cookiesEn esta web recopilamos y utilizamos la informaci\u00f3n seg\u00fan indicamos en nuestra pol\u00edtica de privacidad. Una de las formas en las que recopilo informaci\u00f3n es a trav\u00e9s del uso de la tecnolog\u00eda llamada \u201ccookies\u201d. En Alfatec, se utilizan cookies para varias cosas. \u00bfQu\u00e9 es una cookie? Una \u201ccookie\u201d es una peque\u00f1a cantidad de [&hellip;]","og_url":"https:\/\/alfatec.es\/en\/politica-de-cookies\/","og_site_name":"Alfatec","article_modified_time":"2025-09-17T09:22:10+00:00","twitter_card":"summary_large_image","twitter_misc":{"Estimated reading time":"5 minutes"},"schema":{"@context":"https:\/\/schema.org","@graph":[{"@type":"WebPage","@id":"https:\/\/alfatec.es\/politica-de-cookies\/","url":"https:\/\/alfatec.es\/politica-de-cookies\/","name":"Pol\u00edtica de cookies - Alfatec","isPartOf":{"@id":"https:\/\/alfatec.es\/#website"},"datePublished":"2024-06-27T07:21:58+00:00","dateModified":"2025-09-17T09:22:10+00:00","breadcrumb":{"@id":"https:\/\/alfatec.es\/politica-de-cookies\/#breadcrumb"},"inLanguage":"en-GB","potentialAction":[{"@type":"ReadAction","target":["https:\/\/alfatec.es\/politica-de-cookies\/"]}]},{"@type":"BreadcrumbList","@id":"https:\/\/alfatec.es\/politica-de-cookies\/#breadcrumb","itemListElement":[{"@type":"ListItem","position":1,"name":"Portada","item":"https:\/\/alfatec.es\/"},{"@type":"ListItem","position":2,"name":"Pol\u00edtica de cookies"}]},{"@type":"WebSite","@id":"https:\/\/alfatec.es\/#website","url":"https:\/\/alfatec.es\/","name":"Alfatec","description":"","publisher":{"@id":"https:\/\/alfatec.es\/#organization"},"potentialAction":[{"@type":"SearchAction","target":{"@type":"EntryPoint","urlTemplate":"https:\/\/alfatec.es\/?s={search_term_string}"},"query-input":{"@type":"PropertyValueSpecification","valueRequired":true,"valueName":"search_term_string"}}],"inLanguage":"en-GB"},{"@type":"Organization","@id":"https:\/\/alfatec.es\/#organization","name":"Alfatec","url":"https:\/\/alfatec.es\/","logo":{"@type":"ImageObject","inLanguage":"en-GB","@id":"https:\/\/alfatec.es\/#\/schema\/logo\/image\/","url":"https:\/\/alfatec.es\/wp-content\/uploads\/2024\/06\/logo_alfatec_negro.svg","contentUrl":"https:\/\/alfatec.es\/wp-content\/uploads\/2024\/06\/logo_alfatec_negro.svg","width":185,"height":161,"caption":"Alfatec"},"image":{"@id":"https:\/\/alfatec.es\/#\/schema\/logo\/image\/"},"sameAs":["https:\/\/www.linkedin.com\/company\/alfatec-ingeniera-consultora\/"]}]}},"_links":{"self":[{"href":"https:\/\/alfatec.es\/en\/wp-json\/wp\/v2\/pages\/695","targetHints":{"allow":["GET"]}}],"collection":[{"href":"https:\/\/alfatec.es\/en\/wp-json\/wp\/v2\/pages"}],"about":[{"href":"https:\/\/alfatec.es\/en\/wp-json\/wp\/v2\/types\/page"}],"author":[{"embeddable":true,"href":"https:\/\/alfatec.es\/en\/wp-json\/wp\/v2\/users\/1"}],"replies":[{"embeddable":true,"href":"https:\/\/alfatec.es\/en\/wp-json\/wp\/v2\/comments?post=695"}],"version-history":[{"count":7,"href":"https:\/\/alfatec.es\/en\/wp-json\/wp\/v2\/pages\/695\/revisions"}],"predecessor-version":[{"id":2874,"href":"https:\/\/alfatec.es\/en\/wp-json\/wp\/v2\/pages\/695\/revisions\/2874"}],"wp:attachment":[{"href":"https:\/\/alfatec.es\/en\/wp-json\/wp\/v2\/media?parent=695"}],"curies":[{"name":"wp","href":"https:\/\/api.w.org\/{rel}","templated":true}]}}