{"id":946,"date":"2024-07-29T10:42:59","date_gmt":"2024-07-29T10:42:59","guid":{"rendered":"https:\/\/www.alfatec.es\/?page_id=946"},"modified":"2025-09-17T09:22:31","modified_gmt":"2025-09-17T09:22:31","slug":"politica-de-privacidad","status":"publish","type":"page","link":"https:\/\/alfatec.es\/en\/politica-de-privacidad\/","title":{"rendered":"Privacy policy"},"content":{"rendered":"<p>[et_pb_section fb_built=\u00bb1&#8243; _builder_version=\u00bb4.27.4&#8243; _module_preset=\u00bbdefault\u00bb background_color=\u00bb#c8102e\u00bb background_enable_image=\u00bboff\u00bb hover_enabled=\u00bb0&#8243; global_colors_info=\u00bb{}\u00bb sticky_enabled=\u00bb0&#8243;][et_pb_row _builder_version=\u00bb4.25.1&#8243; _module_preset=\u00bbdefault\u00bb custom_margin=\u00bb104px|auto||auto|false|false\u00bb custom_margin_tablet=\u00bb509px||||false|false\u00bb custom_margin_phone=\u00bb509px||||false|false\u00bb custom_margin_last_edited=\u00bbon|phone\u00bb global_colors_info=\u00bb{}\u00bb][et_pb_column type=\u00bb4_4&#8243; _builder_version=\u00bb4.25.1&#8243; _module_preset=\u00bbdefault\u00bb global_colors_info=\u00bb{}\u00bb][et_pb_text _builder_version=\u00bb4.25.1&#8243; _module_preset=\u00bbdefault\u00bb header_font=\u00bbHelvetica Neue|500|||||||\u00bb header_font_size=\u00bb55px\u00bb header_line_height=\u00bb60px\u00bb background_layout=\u00bbdark\u00bb custom_css_main_element=\u00bbfont-weight: 700;\u00bb global_colors_info=\u00bb{}\u00bb]<\/p>\n<h1>Pol\u00edtica de privacidad<\/h1>\n<p>[\/et_pb_text][\/et_pb_column][\/et_pb_row][\/et_pb_section][et_pb_section fb_built=\u00bb1&#8243; _builder_version=\u00bb4.25.1&#8243; _module_preset=\u00bbdefault\u00bb global_colors_info=\u00bb{}\u00bb][et_pb_row _builder_version=\u00bb4.25.1&#8243; _module_preset=\u00bbdefault\u00bb global_colors_info=\u00bb{}\u00bb][et_pb_column type=\u00bb4_4&#8243; _builder_version=\u00bb4.25.1&#8243; _module_preset=\u00bbdefault\u00bb global_colors_info=\u00bb{}\u00bb][et_pb_text _builder_version=\u00bb4.25.1&#8243; _module_preset=\u00bbdefault\u00bb text_font=\u00bbOpen Sans||||||||\u00bb global_colors_info=\u00bb{}\u00bb]<\/p>\n<p>Denominaci\u00f3n \u2013 <span>ALFATEC INGENIERIA Y CONSULTORIA, S.L.P.<\/span><br \/>CIF.- <span>B84032564<\/span><br \/>Direcci\u00f3n \u2013 <span>C\/ EMBAJADORES 181NB LOCAL 12, 28045 \u2013 MADRID<\/span><br \/>Correo electr\u00f3nico \u2013 <span>scs@alfatec.es<\/span><\/p>\n<p><strong>Finalidad<\/strong><\/p>\n<p>Tratamos la informaci\u00f3n que nos facilita con el fin de gestionar y mejorar la prestaci\u00f3n de servicios y productos que se ofrecen de forma directa. Para este fin realizamos el env\u00edo de comunicaciones de actualizaciones de los productos y servicios.<br \/>Cuando el usuario se convierte en cliente, utilizamos estos datos para ejecutar las acciones necesarias para la correcta\u00a0 prestaci\u00f3n del servicio.<\/p>\n<p>Mantendremos sus datos mientras no se ejercite el derecho de cancelaci\u00f3n, (derecho al olvido). En los supuestos en que se hayan prestado servicios bajo, durante el tiempo necesario para asegurar el cumplimiento de las obligaciones derivadas del contrato y mientras no se solicite la baja o se ejerza la cancelaci\u00f3n anterior.<\/p>\n<p><strong>Legitimaci\u00f3n para el tratamiento de los datos<\/strong><\/p>\n<p>La base legal para el tratamiento de sus datos de car\u00e1cter personal es el consentimiento expl\u00edcito que realiza en el momento de enviarnos sus datos, inicial la colaboraci\u00f3n con nosotros y de manera previa se le detallar\u00e1 el alcance y motivo de la recogida de datos personales, as\u00ed como de los contenidos de env\u00edo de cualquier informaci\u00f3n.<\/p>\n<p>De conformidad con lo dispuesto en el Reglamento (UE) 2016\/679, de 27 de abril, relativo a la protecci\u00f3n de las Personas f\u00edsicas en lo que respecta al tratamiento de datos personales y a la libre circulaci\u00f3n de estos datos (en adelante, RGPD) le informamos: <span>ALFATEC INGENIERIA Y CONSULTORIA, S.L.P.<\/span> es la empresa responsable del tratamiento de sus datos, la finalidad es poder comunicarnos con usted para valorar su candidatura en el proceso de selecci\u00f3n y la base legal es su consentimiento. Su CV e informaci\u00f3n personal se guardar\u00e1n durante dos a\u00f1os, de forma segura y confidencial, y solo se utilizar\u00e1 para evaluar tu candidatura en esta o en futuras oportunidades profesionales.<\/p>\n<p><span>ALFATEC INGENIERIA Y CONSULTORIA, S.L.P.<\/span> se compromete a respetar la confidencialidad de su informaci\u00f3n de car\u00e1cter personal y a garantizar el ejercicio de sus derechos de acceso, rectificaci\u00f3n, cancelaci\u00f3n, oposici\u00f3n, portabilidad, olvido y limitaci\u00f3n, que puede ejercitar en cualquier momento.<\/p>\n<p><strong><\/strong><\/p>\n<p><strong>Comunicaci\u00f3n de los datos a terceros<\/strong><\/p>\n<p>Exclusivamente para las finalidades se\u00f1aladas anteriormente, cederemos sus datos a terceros. Los datos de los usuarios ser\u00e1n comunicados a los encargados del tratamiento que presten servicios a <span>ALFATEC INGENIERIA Y CONSULTORIA, S.L.P.<\/span>, sometidos todos ellos al Reglamento General de Protecci\u00f3n de Datos por encontrarse dentro del territorio de la Uni\u00f3n Europea y con escrupuloso respecto a la normativa en vigor en el momento de emisi\u00f3n.<\/p>\n<p>&nbsp;<\/p>\n<p><strong>Derechos de los interesados<\/strong><\/p>\n<p>Las personas interesadas tienen derecho a acceder a sus datos personales, as\u00ed como a solicitar la rectificaci\u00f3n de los datos inexactos o, en su caso, solicitar su supresi\u00f3n En determinadas circunstancias, los interesados podr\u00e1n solicitar la limitaci\u00f3n del tratamiento de sus datos, en cuyo caso \u00fanicamente los conservaremos para el ejercicio o la defensa de reclamaciones y obligaciones legales. Cuando termine sus relaci\u00f3n con <span>ALFATEC INGENIERIA Y CONSULTORIA, S.L.P.<\/span>. los interesados tendr\u00e1n derecho a recibir los datos de los que dispongamos en un formato inform\u00e1tico de uso com\u00fan, susceptible de ser le\u00eddo por la aplicaciones habitualmente utilizadas. Para ejercitar sus derechos debe enviar un correo electr\u00f3nico a<span> scs@alfatec.es<\/span><span>\u00a0<\/span>adjuntado copia de su D.N.I. e indicando los derechos que pretende le sean reconocidos. En los supuestos de oposici\u00f3n y limitaci\u00f3n al tratamiento deber\u00e1 exponer las razones por los que los solicita.<br \/><span>ALFATEC INGENIERIA Y CONSULTORIA, S.L.P.<\/span>, tiene un plazo de un mes, con posibilidad de alargarlo otro m\u00e1s cuando existan motivos que lo justifiquen, para reconocer los derechos que ejercite. Transcurrido ese plazo, si considera que no se le han reconocido sus derechos, puede acudir a la Agencia Espa\u00f1ola de Protecci\u00f3n de Datos solicitando la tutela de sus derechos. Podr\u00e1 encontrar m\u00e1s informaci\u00f3n en www.agpd.es.<\/p>\n<p><strong>Seguridad<\/strong><\/p>\n<p><span>ALFATEC INGENIERIA Y CONSULTORIA, S.L.P.<\/span>, ha adoptado las medidas t\u00e9cnicas necesarias para evitar la alteraci\u00f3n, p\u00e9rdida, tratamiento o acceso no autorizado a los datos personales que el usuario ha facilitado.<\/p>\n<p>Por la naturaleza del tratamiento de datos y la informaci\u00f3n que utilizamos no existe grave riesgo para los interesados. No obstante, y en el supuesto de que se produjera alg\u00fan acceso indebido a los datos que pudiera implicar consecuencias negativas graves para los interesados, <span>ALFATEC INGENIERIA Y CONSULTORIA, S.L.P.<\/span>. les informar\u00e1 convenientemente para que adopten las medidas que consideren oportunas.<\/p>\n<p>[\/et_pb_text][\/et_pb_column][\/et_pb_row][\/et_pb_section]<\/p>\n","protected":false},"excerpt":{"rendered":"<p>Pol\u00edtica de privacidadDenominaci\u00f3n \u2013 ALFATEC INGENIERIA Y CONSULTORIA, S.L.P.CIF.- B84032564Direcci\u00f3n \u2013 C\/ EMBAJADORES 181NB LOCAL 12, 28045 \u2013 MADRIDCorreo electr\u00f3nico \u2013 scs@alfatec.es Finalidad Tratamos la informaci\u00f3n que nos facilita con el fin de gestionar y mejorar la prestaci\u00f3n de servicios y productos que se ofrecen de forma directa. Para este fin realizamos el env\u00edo de [&hellip;]<\/p>\n","protected":false},"author":1,"featured_media":0,"parent":0,"menu_order":9,"comment_status":"closed","ping_status":"closed","template":"","meta":{"_et_pb_use_builder":"on","_et_pb_old_content":"","_et_gb_content_width":"","inline_featured_image":false,"footnotes":""},"class_list":["post-946","page","type-page","status-publish","hentry"],"yoast_head":"<!-- This site is optimized with the Yoast SEO plugin v27.3 - https:\/\/yoast.com\/product\/yoast-seo-wordpress\/ -->\n<title>Pol\u00edtica de privacidad - Alfatec<\/title>\n<meta name=\"robots\" content=\"index, follow, max-snippet:-1, max-image-preview:large, max-video-preview:-1\" \/>\n<link rel=\"canonical\" href=\"https:\/\/alfatec.es\/en\/politica-de-privacidad\/\" \/>\n<meta property=\"og:locale\" content=\"en_GB\" \/>\n<meta property=\"og:type\" content=\"article\" \/>\n<meta property=\"og:title\" content=\"Pol\u00edtica de privacidad - Alfatec\" \/>\n<meta property=\"og:description\" content=\"Pol\u00edtica de privacidadDenominaci\u00f3n \u2013 ALFATEC INGENIERIA Y CONSULTORIA, S.L.P.CIF.- B84032564Direcci\u00f3n \u2013 C\/ EMBAJADORES 181NB LOCAL 12, 28045 \u2013 MADRIDCorreo electr\u00f3nico \u2013 scs@alfatec.es Finalidad Tratamos la informaci\u00f3n que nos facilita con el fin de gestionar y mejorar la prestaci\u00f3n de servicios y productos que se ofrecen de forma directa. Para este fin realizamos el env\u00edo de [&hellip;]\" \/>\n<meta property=\"og:url\" content=\"https:\/\/alfatec.es\/en\/politica-de-privacidad\/\" \/>\n<meta property=\"og:site_name\" content=\"Alfatec\" \/>\n<meta property=\"article:modified_time\" content=\"2025-09-17T09:22:31+00:00\" \/>\n<meta name=\"twitter:card\" content=\"summary_large_image\" \/>\n<meta name=\"twitter:label1\" content=\"Estimated reading time\" \/>\n\t<meta name=\"twitter:data1\" content=\"5 minutes\" \/>\n<script type=\"application\/ld+json\" class=\"yoast-schema-graph\">{\"@context\":\"https:\\\/\\\/schema.org\",\"@graph\":[{\"@type\":\"WebPage\",\"@id\":\"https:\\\/\\\/alfatec.es\\\/politica-de-privacidad\\\/\",\"url\":\"https:\\\/\\\/alfatec.es\\\/politica-de-privacidad\\\/\",\"name\":\"Pol\u00edtica de privacidad - Alfatec\",\"isPartOf\":{\"@id\":\"https:\\\/\\\/alfatec.es\\\/#website\"},\"datePublished\":\"2024-07-29T10:42:59+00:00\",\"dateModified\":\"2025-09-17T09:22:31+00:00\",\"breadcrumb\":{\"@id\":\"https:\\\/\\\/alfatec.es\\\/politica-de-privacidad\\\/#breadcrumb\"},\"inLanguage\":\"en-GB\",\"potentialAction\":[{\"@type\":\"ReadAction\",\"target\":[\"https:\\\/\\\/alfatec.es\\\/politica-de-privacidad\\\/\"]}]},{\"@type\":\"BreadcrumbList\",\"@id\":\"https:\\\/\\\/alfatec.es\\\/politica-de-privacidad\\\/#breadcrumb\",\"itemListElement\":[{\"@type\":\"ListItem\",\"position\":1,\"name\":\"Portada\",\"item\":\"https:\\\/\\\/alfatec.es\\\/\"},{\"@type\":\"ListItem\",\"position\":2,\"name\":\"Pol\u00edtica de privacidad\"}]},{\"@type\":\"WebSite\",\"@id\":\"https:\\\/\\\/alfatec.es\\\/#website\",\"url\":\"https:\\\/\\\/alfatec.es\\\/\",\"name\":\"Alfatec\",\"description\":\"\",\"publisher\":{\"@id\":\"https:\\\/\\\/alfatec.es\\\/#organization\"},\"potentialAction\":[{\"@type\":\"SearchAction\",\"target\":{\"@type\":\"EntryPoint\",\"urlTemplate\":\"https:\\\/\\\/alfatec.es\\\/?s={search_term_string}\"},\"query-input\":{\"@type\":\"PropertyValueSpecification\",\"valueRequired\":true,\"valueName\":\"search_term_string\"}}],\"inLanguage\":\"en-GB\"},{\"@type\":\"Organization\",\"@id\":\"https:\\\/\\\/alfatec.es\\\/#organization\",\"name\":\"Alfatec\",\"url\":\"https:\\\/\\\/alfatec.es\\\/\",\"logo\":{\"@type\":\"ImageObject\",\"inLanguage\":\"en-GB\",\"@id\":\"https:\\\/\\\/alfatec.es\\\/#\\\/schema\\\/logo\\\/image\\\/\",\"url\":\"https:\\\/\\\/alfatec.es\\\/wp-content\\\/uploads\\\/2024\\\/06\\\/logo_alfatec_negro.svg\",\"contentUrl\":\"https:\\\/\\\/alfatec.es\\\/wp-content\\\/uploads\\\/2024\\\/06\\\/logo_alfatec_negro.svg\",\"width\":185,\"height\":161,\"caption\":\"Alfatec\"},\"image\":{\"@id\":\"https:\\\/\\\/alfatec.es\\\/#\\\/schema\\\/logo\\\/image\\\/\"},\"sameAs\":[\"https:\\\/\\\/www.linkedin.com\\\/company\\\/alfatec-ingeniera-consultora\\\/\"]}]}<\/script>\n<!-- \/ Yoast SEO plugin. -->","yoast_head_json":{"title":"Pol\u00edtica de privacidad - Alfatec","robots":{"index":"index","follow":"follow","max-snippet":"max-snippet:-1","max-image-preview":"max-image-preview:large","max-video-preview":"max-video-preview:-1"},"canonical":"https:\/\/alfatec.es\/en\/politica-de-privacidad\/","og_locale":"en_GB","og_type":"article","og_title":"Pol\u00edtica de privacidad - Alfatec","og_description":"Pol\u00edtica de privacidadDenominaci\u00f3n \u2013 ALFATEC INGENIERIA Y CONSULTORIA, S.L.P.CIF.- B84032564Direcci\u00f3n \u2013 C\/ EMBAJADORES 181NB LOCAL 12, 28045 \u2013 MADRIDCorreo electr\u00f3nico \u2013 scs@alfatec.es Finalidad Tratamos la informaci\u00f3n que nos facilita con el fin de gestionar y mejorar la prestaci\u00f3n de servicios y productos que se ofrecen de forma directa. Para este fin realizamos el env\u00edo de [&hellip;]","og_url":"https:\/\/alfatec.es\/en\/politica-de-privacidad\/","og_site_name":"Alfatec","article_modified_time":"2025-09-17T09:22:31+00:00","twitter_card":"summary_large_image","twitter_misc":{"Estimated reading time":"5 minutes"},"schema":{"@context":"https:\/\/schema.org","@graph":[{"@type":"WebPage","@id":"https:\/\/alfatec.es\/politica-de-privacidad\/","url":"https:\/\/alfatec.es\/politica-de-privacidad\/","name":"Pol\u00edtica de privacidad - Alfatec","isPartOf":{"@id":"https:\/\/alfatec.es\/#website"},"datePublished":"2024-07-29T10:42:59+00:00","dateModified":"2025-09-17T09:22:31+00:00","breadcrumb":{"@id":"https:\/\/alfatec.es\/politica-de-privacidad\/#breadcrumb"},"inLanguage":"en-GB","potentialAction":[{"@type":"ReadAction","target":["https:\/\/alfatec.es\/politica-de-privacidad\/"]}]},{"@type":"BreadcrumbList","@id":"https:\/\/alfatec.es\/politica-de-privacidad\/#breadcrumb","itemListElement":[{"@type":"ListItem","position":1,"name":"Portada","item":"https:\/\/alfatec.es\/"},{"@type":"ListItem","position":2,"name":"Pol\u00edtica de privacidad"}]},{"@type":"WebSite","@id":"https:\/\/alfatec.es\/#website","url":"https:\/\/alfatec.es\/","name":"Alfatec","description":"","publisher":{"@id":"https:\/\/alfatec.es\/#organization"},"potentialAction":[{"@type":"SearchAction","target":{"@type":"EntryPoint","urlTemplate":"https:\/\/alfatec.es\/?s={search_term_string}"},"query-input":{"@type":"PropertyValueSpecification","valueRequired":true,"valueName":"search_term_string"}}],"inLanguage":"en-GB"},{"@type":"Organization","@id":"https:\/\/alfatec.es\/#organization","name":"Alfatec","url":"https:\/\/alfatec.es\/","logo":{"@type":"ImageObject","inLanguage":"en-GB","@id":"https:\/\/alfatec.es\/#\/schema\/logo\/image\/","url":"https:\/\/alfatec.es\/wp-content\/uploads\/2024\/06\/logo_alfatec_negro.svg","contentUrl":"https:\/\/alfatec.es\/wp-content\/uploads\/2024\/06\/logo_alfatec_negro.svg","width":185,"height":161,"caption":"Alfatec"},"image":{"@id":"https:\/\/alfatec.es\/#\/schema\/logo\/image\/"},"sameAs":["https:\/\/www.linkedin.com\/company\/alfatec-ingeniera-consultora\/"]}]}},"_links":{"self":[{"href":"https:\/\/alfatec.es\/en\/wp-json\/wp\/v2\/pages\/946","targetHints":{"allow":["GET"]}}],"collection":[{"href":"https:\/\/alfatec.es\/en\/wp-json\/wp\/v2\/pages"}],"about":[{"href":"https:\/\/alfatec.es\/en\/wp-json\/wp\/v2\/types\/page"}],"author":[{"embeddable":true,"href":"https:\/\/alfatec.es\/en\/wp-json\/wp\/v2\/users\/1"}],"replies":[{"embeddable":true,"href":"https:\/\/alfatec.es\/en\/wp-json\/wp\/v2\/comments?post=946"}],"version-history":[{"count":7,"href":"https:\/\/alfatec.es\/en\/wp-json\/wp\/v2\/pages\/946\/revisions"}],"predecessor-version":[{"id":2875,"href":"https:\/\/alfatec.es\/en\/wp-json\/wp\/v2\/pages\/946\/revisions\/2875"}],"wp:attachment":[{"href":"https:\/\/alfatec.es\/en\/wp-json\/wp\/v2\/media?parent=946"}],"curies":[{"name":"wp","href":"https:\/\/api.w.org\/{rel}","templated":true}]}}